{"id":497,"date":"2025-09-21T11:14:53","date_gmt":"2025-09-21T09:14:53","guid":{"rendered":"https:\/\/cmcfinancing.com\/?page_id=497"},"modified":"2025-09-21T11:17:39","modified_gmt":"2025-09-21T09:17:39","slug":"mentions-legales","status":"publish","type":"page","link":"https:\/\/cmcfinancing.com\/index.php\/mentions-legales\/","title":{"rendered":"Mentions l\u00e9gales"},"content":{"rendered":"\n<p>Conform\u00e9ment aux dispositions de la loi n\u00b0 2004-575 du 21 juin 2004 pour la confiance en l\u2019\u00e9conomie num\u00e9rique, il est pr\u00e9cis\u00e9 aux utilisateurs du site internet l\u2019identit\u00e9 des diff\u00e9rents intervenants dans le cadre de sa r\u00e9alisation et de son suivi.<\/p>\n\n\n\n<p>Le site internet https:\/\/cmcfinancing.com\/ est \u00e9dit\u00e9 par :<\/p>\n\n\n\n<ul class=\"wp-block-list\">\n<li>SASU Cabinet Mallet Conseils<\/li>\n\n\n\n<li>SASU au capital de 10 000\u20ac<\/li>\n\n\n\n<li>Num\u00e9ro de SIRET : 91964005200024<\/li>\n\n\n\n<li>Num\u00e9ro de TVA Intracommunautaire : FR93919640052<\/li>\n\n\n\n<li>Adresse : 41 cours de la Libert\u00e9, 69003 Lyon, FRANCE<\/li>\n\n\n\n<li>E-mail : mikael@malletconseils.fr<\/li>\n\n\n\n<li>T\u00e9l\u00e9phone : 06 49 28 42 99<\/li>\n\n\n\n<li>Le repr\u00e9sentant l\u00e9gal de la SASU Cabinet Mallet Conseils est Mika\u00ebl MALLET<\/li>\n\n\n\n<li>Le site internet https:\/\/cmcfinancing.com\/ est h\u00e9berg\u00e9 par la soci\u00e9t\u00e9 OVH (https:\/\/www.ovhcloud.com\/fr\/), soci\u00e9t\u00e9 immatricul\u00e9e au RCS de Lille sous le num\u00e9ro 537 407 926 sise 2, rue Kellermann, 59100 Roubaix<\/li>\n\n\n\n<li>Responsable de publication : Mika\u00ebl MALLET<br><\/li>\n<\/ul>\n\n\n\n<p><\/p>\n\n\n\n<p>Tout le contenu du pr\u00e9sent site https:\/\/cmcfinancing.com\/, incluant, de fa\u00e7on non limitative, les graphismes, images, textes, vid\u00e9os, animations, sons, logos, gifs et ic\u00f4nes ainsi que leur mise en forme sont la propri\u00e9t\u00e9 exclusive de la soci\u00e9t\u00e9 \u00e0 l\u2019exception des marques, logos ou contenus appartenant \u00e0 d\u2019autres soci\u00e9t\u00e9s partenaires ou auteurs.<\/p>\n","protected":false},"excerpt":{"rendered":"<p>Conform\u00e9ment aux dispositions de la loi n\u00b0 2004-575 du 21 juin 2004 pour la confiance en l\u2019\u00e9conomie num\u00e9rique, il est pr\u00e9cis\u00e9 aux utilisateurs du site internet l\u2019identit\u00e9 des diff\u00e9rents intervenants dans le cadre de sa r\u00e9alisation et de son suivi. Le site internet https:\/\/cmcfinancing.com\/ est \u00e9dit\u00e9 par : Tout le contenu du pr\u00e9sent site https:\/\/cmcfinancing.com\/, [&hellip;]<\/p>\n","protected":false},"author":1,"featured_media":0,"parent":0,"menu_order":0,"comment_status":"closed","ping_status":"closed","template":"","meta":{"footnotes":""},"class_list":["post-497","page","type-page","status-publish","hentry"],"_links":{"self":[{"href":"https:\/\/cmcfinancing.com\/index.php\/wp-json\/wp\/v2\/pages\/497","targetHints":{"allow":["GET"]}}],"collection":[{"href":"https:\/\/cmcfinancing.com\/index.php\/wp-json\/wp\/v2\/pages"}],"about":[{"href":"https:\/\/cmcfinancing.com\/index.php\/wp-json\/wp\/v2\/types\/page"}],"author":[{"embeddable":true,"href":"https:\/\/cmcfinancing.com\/index.php\/wp-json\/wp\/v2\/users\/1"}],"replies":[{"embeddable":true,"href":"https:\/\/cmcfinancing.com\/index.php\/wp-json\/wp\/v2\/comments?post=497"}],"version-history":[{"count":3,"href":"https:\/\/cmcfinancing.com\/index.php\/wp-json\/wp\/v2\/pages\/497\/revisions"}],"predecessor-version":[{"id":501,"href":"https:\/\/cmcfinancing.com\/index.php\/wp-json\/wp\/v2\/pages\/497\/revisions\/501"}],"wp:attachment":[{"href":"https:\/\/cmcfinancing.com\/index.php\/wp-json\/wp\/v2\/media?parent=497"}],"curies":[{"name":"wp","href":"https:\/\/api.w.org\/{rel}","templated":true}]}}